{"id":26,"date":"2014-05-20T20:15:00","date_gmt":"2014-05-20T20:15:00","guid":{"rendered":"http:\/\/cnt-ait.net\/mhalava\/?page_id=26"},"modified":"2025-01-27T06:40:10","modified_gmt":"2025-01-27T06:40:10","slug":"contacto","status":"publish","type":"page","link":"https:\/\/vitoria.cnt.es\/mh\/contacto\/","title":{"rendered":"<strong>Contactar<\/strong>"},"content":{"rendered":"<p><u><strong>MEMORIA HIST\u00d3RICA DE CNT EN \u00c1LAVA<\/strong><\/u><\/p>\n<p>Puedes ponerte en contacto con nosotrxs a trav\u00e9s del correo electr\u00f3nico:<\/p>\n<p><strong>Email<\/strong>: cntgasteiz@gmail.com<\/p>\n<p>Tambi\u00e9n acerc\u00e1ndote al Sindicato, tel\u00e9fono o direcci\u00f3n postal:<\/p>\n<p><strong>Sede del Sindicato<\/strong>: Correr\u00eda 65, bajo &#8211; 01001 Vitoria-Gasteiz<br \/>\nGrupo de Memoria Libertaria: viernes de 19:00 a 21:00 horas<\/p>\n<p><strong>Direcci\u00f3n postal<\/strong>: Apartado 1554 &#8211; 01080 Vitoria-Gasteiz<\/p>\n<p><strong>Tel.\/Fax<\/strong>: 945\u00b7282\u00b7974 \/ 688\u00b7861\u00b7364<br \/>\n<span style=\"text-decoration: underline;\"><strong>\u00a0<\/strong><\/span><br \/>\n<div class=\"googlemaps\">\n\t\t\t\t<iframe loading=\"lazy\" width=\"400\" height=\"300\" frameborder=\"0\" scrolling=\"no\" marginheight=\"0\" marginwidth=\"0\"  src=\"https:\/\/maps.google.com\/maps\/embed?pb=!1m18!1m12!1m3!1d2925.139993751273!2d-2.673768199999996!3d42.84877710000003!2m3!1f0!2f0!3f0!3m2!1i1024!2i768!4f13.1!3m3!1m2!1s0xd4fc26bdec846bd:0x7e969bc7f0ee5f43!2sCorreria%20Kalea,%2065!5e0!3m2!1ses!2s!4v1400850006760\"><\/iframe>\n\t\t\t<\/div><\/p>\n","protected":false},"excerpt":{"rendered":"<p>MEMORIA HIST\u00d3RICA DE CNT EN \u00c1LAVA Puedes ponerte en contacto con nosotrxs a trav\u00e9s del correo electr\u00f3nico: Email: cntgasteiz@gmail.com Tambi\u00e9n acerc\u00e1ndote al Sindicato, tel\u00e9fono o direcci\u00f3n postal: Sede del Sindicato: Correr\u00eda 65, bajo &#8211; 01001 Vitoria-Gasteiz Grupo de Memoria Libertaria: &hellip; <\/p>\n","protected":false},"author":3,"featured_media":0,"parent":0,"menu_order":0,"comment_status":"open","ping_status":"open","template":"","meta":{"jetpack_post_was_ever_published":false,"footnotes":""},"class_list":["post-26","page","type-page","status-publish","hentry"],"jetpack_sharing_enabled":true,"jetpack_shortlink":"https:\/\/wp.me\/P58fhe-q","_links":{"self":[{"href":"https:\/\/vitoria.cnt.es\/mh\/wp-json\/wp\/v2\/pages\/26","targetHints":{"allow":["GET"]}}],"collection":[{"href":"https:\/\/vitoria.cnt.es\/mh\/wp-json\/wp\/v2\/pages"}],"about":[{"href":"https:\/\/vitoria.cnt.es\/mh\/wp-json\/wp\/v2\/types\/page"}],"author":[{"embeddable":true,"href":"https:\/\/vitoria.cnt.es\/mh\/wp-json\/wp\/v2\/users\/3"}],"replies":[{"embeddable":true,"href":"https:\/\/vitoria.cnt.es\/mh\/wp-json\/wp\/v2\/comments?post=26"}],"version-history":[{"count":5,"href":"https:\/\/vitoria.cnt.es\/mh\/wp-json\/wp\/v2\/pages\/26\/revisions"}],"predecessor-version":[{"id":2705,"href":"https:\/\/vitoria.cnt.es\/mh\/wp-json\/wp\/v2\/pages\/26\/revisions\/2705"}],"wp:attachment":[{"href":"https:\/\/vitoria.cnt.es\/mh\/wp-json\/wp\/v2\/media?parent=26"}],"curies":[{"name":"wp","href":"https:\/\/api.w.org\/{rel}","templated":true}]}}